{"id":3399,"date":"2025-08-04T11:49:09","date_gmt":"2025-08-04T15:49:09","guid":{"rendered":"https:\/\/manupro.sltm.ca\/forklifts-montreal\/"},"modified":"2025-08-05T08:09:30","modified_gmt":"2025-08-05T12:09:30","slug":"forklifts-montreal","status":"publish","type":"page","link":"https:\/\/chariotselevateursmanupro.com\/en\/forklifts-montreal\/","title":{"rendered":"Forklifts &#8211; Montreal"},"content":{"rendered":"\t\t<div data-elementor-type=\"wp-page\" data-elementor-id=\"3399\" class=\"elementor elementor-3399 elementor-3356\" data-elementor-post-type=\"page\">\n\t\t\t\t\t\t<section class=\"elementor-section elementor-top-section elementor-element elementor-element-40c9edb elementor-section-boxed elementor-section-height-default elementor-section-height-default\" data-id=\"40c9edb\" data-element_type=\"section\" data-e-type=\"section\" data-settings=\"{&quot;background_background&quot;:&quot;classic&quot;,&quot;shape_divider_bottom&quot;:&quot;tilt&quot;}\">\n\t\t\t\t\t\t\t<div class=\"elementor-background-overlay\"><\/div>\n\t\t\t\t\t\t<div class=\"elementor-shape elementor-shape-bottom\" aria-hidden=\"true\" data-negative=\"false\">\n\t\t\t<svg xmlns=\"http:\/\/www.w3.org\/2000\/svg\" viewBox=\"0 0 1000 100\" preserveAspectRatio=\"none\">\n\t<path class=\"elementor-shape-fill\" d=\"M0,6V0h1000v100L0,6z\"\/>\n<\/svg>\t\t<\/div>\n\t\t\t\t\t<div class=\"elementor-container elementor-column-gap-no\">\n\t\t\t\t\t<div class=\"elementor-column elementor-col-100 elementor-top-column elementor-element elementor-element-57b135f\" data-id=\"57b135f\" data-element_type=\"column\" data-e-type=\"column\" data-settings=\"{&quot;background_background&quot;:&quot;classic&quot;}\">\n\t\t\t<div class=\"elementor-widget-wrap elementor-element-populated\">\n\t\t\t\t\t\t\t<\/div>\n\t\t<\/div>\n\t\t\t\t\t<\/div>\n\t\t<\/section>\n\t\t<div class=\"elementor-element elementor-element-2502cd3 e-flex e-con-boxed e-con e-parent\" data-id=\"2502cd3\" data-element_type=\"container\" data-e-type=\"container\">\n\t\t\t\t\t<div class=\"e-con-inner\">\n\t\t<div class=\"elementor-element elementor-element-c25830e e-con-full e-flex e-con e-child\" data-id=\"c25830e\" data-element_type=\"container\" data-e-type=\"container\">\n\t\t<div class=\"elementor-element elementor-element-e963ba1 e-con-full e-flex e-con e-child\" data-id=\"e963ba1\" data-element_type=\"container\" data-e-type=\"container\" data-settings=\"{&quot;background_background&quot;:&quot;classic&quot;}\">\n\t\t\t\t<\/div>\n\t\t\t\t<\/div>\n\t\t<div class=\"elementor-element elementor-element-e4dbb79 e-con-full e-flex e-con e-child\" data-id=\"e4dbb79\" data-element_type=\"container\" data-e-type=\"container\">\n\t\t<div class=\"elementor-element elementor-element-5c0d78a e-con-full e-flex e-con e-child\" data-id=\"5c0d78a\" data-element_type=\"container\" data-e-type=\"container\">\n\t\t\t\t<div class=\"elementor-element elementor-element-a4f345e elementor-widget elementor-widget-heading\" data-id=\"a4f345e\" data-element_type=\"widget\" data-e-type=\"widget\" data-widget_type=\"heading.default\">\n\t\t\t\t<div class=\"elementor-widget-container\">\n\t\t\t\t\t<h2 class=\"elementor-heading-title elementor-size-default\">Forklift training Montreal<\/h2>\t\t\t\t<\/div>\n\t\t\t\t<\/div>\n\t\t\t\t<div class=\"elementor-element elementor-element-d60f1cf elementor-widget elementor-widget-text-editor\" data-id=\"d60f1cf\" data-element_type=\"widget\" data-e-type=\"widget\" data-widget_type=\"text-editor.default\">\n\t\t\t\t<div class=\"elementor-widget-container\">\n\t\t\t\t\t\t\t\t\t<p>For all your Montreal forklift needs, Chariots \u00c9l\u00e9vateurs Manupro has what you need!<\/p><p>Since 1990, Les Chariots \u00c9l\u00e9vateurs Manupro has been offering unrivalled service and expertise to companies in the region. We are committed to your success with dynamism and precision. With Les Chariots \u00c9l\u00e9vateurs Manupro, expect exceptional service from safety-conscious professionals.<\/p><p>As a Heli supplier, we offer a wide selection of forklift trucks from leading brands, guaranteeing quality and reliability!<\/p><p>Whether in our workshop or on the road, our qualified technicians ensure precise, efficient work. From tire pressing to gas analysis and the manufacture of hydraulic hoses, we offer comprehensive services. Our tailor-made management ensures that your needs are met, whether for repairs, maintenance, sales or rentals. What&#8217;s more, we offer competitive prices on forklift parts and accessories.<\/p><p>Just like our mobile units, our Montreal representatives are ready to help you. Trust the Manupro Forklift team for all your forklift needs. Contact us today!<\/p>\t\t\t\t\t\t\t\t<\/div>\n\t\t\t\t<\/div>\n\t\t\t\t<\/div>\n\t\t\t\t<\/div>\n\t\t\t\t\t<\/div>\n\t\t\t\t<\/div>\n\t\t<div class=\"elementor-element elementor-element-76213ed e-flex e-con-boxed e-con e-parent\" data-id=\"76213ed\" data-element_type=\"container\" data-e-type=\"container\">\n\t\t\t\t\t<div class=\"e-con-inner\">\n\t\t<div class=\"elementor-element elementor-element-8b00c0b e-con-full e-flex e-con e-child\" data-id=\"8b00c0b\" data-element_type=\"container\" data-e-type=\"container\">\n\t\t<div class=\"elementor-element elementor-element-131addd e-con-full e-flex e-con e-child\" data-id=\"131addd\" data-element_type=\"container\" data-e-type=\"container\">\n\t\t\t\t<div class=\"elementor-element elementor-element-e0142ef elementor-widget elementor-widget-heading\" data-id=\"e0142ef\" data-element_type=\"widget\" data-e-type=\"widget\" data-widget_type=\"heading.default\">\n\t\t\t\t<div class=\"elementor-widget-container\">\n\t\t\t\t\t<h2 class=\"elementor-heading-title elementor-size-default\">Training<\/h2>\t\t\t\t<\/div>\n\t\t\t\t<\/div>\n\t\t\t\t<div class=\"elementor-element elementor-element-a3161a0 elementor-widget elementor-widget-heading\" data-id=\"a3161a0\" data-element_type=\"widget\" data-e-type=\"widget\" data-widget_type=\"heading.default\">\n\t\t\t\t<div class=\"elementor-widget-container\">\n\t\t\t\t\t<h2 class=\"elementor-heading-title elementor-size-default\">Learn to operate Montreal forklifts with Manupro<\/h2>\t\t\t\t<\/div>\n\t\t\t\t<\/div>\n\t\t\t\t<div class=\"elementor-element elementor-element-086c47a elementor-widget elementor-widget-text-editor\" data-id=\"086c47a\" data-element_type=\"widget\" data-e-type=\"widget\" data-widget_type=\"text-editor.default\">\n\t\t\t\t<div class=\"elementor-widget-container\">\n\t\t\t\t\t\t\t\t\t<p>Are you looking to train your Montreal workers to drive forklifts?<\/p><p>Our comprehensive course is designed to train workers in the inspection and operation of Montreal forklifts. The 4-hour course includes theoretical instruction, a 30-minute practical session and a final assessment.<\/p><p>Our expert trainers, each with a minimum of 10 years&#8217; experience, know how to pass on their knowledge effectively. Rely on Manupro for an in-depth training program that has won praise from numerous companies.<\/p><p>Contact us today to find out how we can equip your employees to become competent, efficient and safety-conscious forklift operators!<\/p>\t\t\t\t\t\t\t\t<\/div>\n\t\t\t\t<\/div>\n\t\t\t\t<div class=\"elementor-element elementor-element-0a4a965 elementor-align-left e-transform elementor-widget elementor-widget-button\" data-id=\"0a4a965\" data-element_type=\"widget\" data-e-type=\"widget\" data-settings=\"{&quot;_transform_translateY_effect_hover&quot;:{&quot;unit&quot;:&quot;px&quot;,&quot;size&quot;:5,&quot;sizes&quot;:[]},&quot;_transform_translateX_effect_hover&quot;:{&quot;unit&quot;:&quot;px&quot;,&quot;size&quot;:&quot;&quot;,&quot;sizes&quot;:[]},&quot;_transform_translateX_effect_hover_widescreen&quot;:{&quot;unit&quot;:&quot;px&quot;,&quot;size&quot;:&quot;&quot;,&quot;sizes&quot;:[]},&quot;_transform_translateX_effect_hover_laptop&quot;:{&quot;unit&quot;:&quot;px&quot;,&quot;size&quot;:&quot;&quot;,&quot;sizes&quot;:[]},&quot;_transform_translateX_effect_hover_tablet_extra&quot;:{&quot;unit&quot;:&quot;px&quot;,&quot;size&quot;:&quot;&quot;,&quot;sizes&quot;:[]},&quot;_transform_translateX_effect_hover_tablet&quot;:{&quot;unit&quot;:&quot;px&quot;,&quot;size&quot;:&quot;&quot;,&quot;sizes&quot;:[]},&quot;_transform_translateX_effect_hover_mobile_extra&quot;:{&quot;unit&quot;:&quot;px&quot;,&quot;size&quot;:&quot;&quot;,&quot;sizes&quot;:[]},&quot;_transform_translateX_effect_hover_mobile&quot;:{&quot;unit&quot;:&quot;px&quot;,&quot;size&quot;:&quot;&quot;,&quot;sizes&quot;:[]},&quot;_transform_translateY_effect_hover_widescreen&quot;:{&quot;unit&quot;:&quot;px&quot;,&quot;size&quot;:&quot;&quot;,&quot;sizes&quot;:[]},&quot;_transform_translateY_effect_hover_laptop&quot;:{&quot;unit&quot;:&quot;px&quot;,&quot;size&quot;:&quot;&quot;,&quot;sizes&quot;:[]},&quot;_transform_translateY_effect_hover_tablet_extra&quot;:{&quot;unit&quot;:&quot;px&quot;,&quot;size&quot;:&quot;&quot;,&quot;sizes&quot;:[]},&quot;_transform_translateY_effect_hover_tablet&quot;:{&quot;unit&quot;:&quot;px&quot;,&quot;size&quot;:&quot;&quot;,&quot;sizes&quot;:[]},&quot;_transform_translateY_effect_hover_mobile_extra&quot;:{&quot;unit&quot;:&quot;px&quot;,&quot;size&quot;:&quot;&quot;,&quot;sizes&quot;:[]},&quot;_transform_translateY_effect_hover_mobile&quot;:{&quot;unit&quot;:&quot;px&quot;,&quot;size&quot;:&quot;&quot;,&quot;sizes&quot;:[]}}\" data-widget_type=\"button.default\">\n\t\t\t\t<div class=\"elementor-widget-container\">\n\t\t\t\t\t\t\t\t\t<div class=\"elementor-button-wrapper\">\n\t\t\t\t\t<a class=\"elementor-button elementor-button-link elementor-size-sm\" href=\"https:\/\/chariotselevateursmanupro.com\/en\/services\/training\/\">\n\t\t\t\t\t\t<span class=\"elementor-button-content-wrapper\">\n\t\t\t\t\t\t\t\t\t<span class=\"elementor-button-text\">Learn more<\/span>\n\t\t\t\t\t<\/span>\n\t\t\t\t\t<\/a>\n\t\t\t\t<\/div>\n\t\t\t\t\t\t\t\t<\/div>\n\t\t\t\t<\/div>\n\t\t\t\t<\/div>\n\t\t\t\t<\/div>\n\t\t<div class=\"elementor-element elementor-element-06a28d3 e-con-full e-flex e-con e-child\" data-id=\"06a28d3\" data-element_type=\"container\" data-e-type=\"container\">\n\t\t<div class=\"elementor-element elementor-element-793c8e0 e-con-full e-flex e-con e-child\" data-id=\"793c8e0\" data-element_type=\"container\" data-e-type=\"container\" data-settings=\"{&quot;background_background&quot;:&quot;classic&quot;}\">\n\t\t\t\t<\/div>\n\t\t\t\t<\/div>\n\t\t\t\t\t<\/div>\n\t\t\t\t<\/div>\n\t\t\t\t<\/div>\n\t\t","protected":false},"excerpt":{"rendered":"<p>Forklift training Montreal For all your Montreal forklift needs, Chariots \u00c9l\u00e9vateurs Manupro has what you need! Since 1990, Les Chariots \u00c9l\u00e9vateurs Manupro has been offering unrivalled service and expertise to companies in the region. We are committed to your success with dynamism and precision. With Les Chariots \u00c9l\u00e9vateurs Manupro, expect exceptional service from safety-conscious professionals. [&hellip;]<\/p>\n","protected":false},"author":1,"featured_media":0,"parent":0,"menu_order":0,"comment_status":"closed","ping_status":"closed","template":"elementor_header_footer","meta":{"_acf_changed":false,"footnotes":""},"class_list":["post-3399","page","type-page","status-publish","hentry"],"acf":[],"_links":{"self":[{"href":"https:\/\/chariotselevateursmanupro.com\/en\/wp-json\/wp\/v2\/pages\/3399","targetHints":{"allow":["GET"]}}],"collection":[{"href":"https:\/\/chariotselevateursmanupro.com\/en\/wp-json\/wp\/v2\/pages"}],"about":[{"href":"https:\/\/chariotselevateursmanupro.com\/en\/wp-json\/wp\/v2\/types\/page"}],"author":[{"embeddable":true,"href":"https:\/\/chariotselevateursmanupro.com\/en\/wp-json\/wp\/v2\/users\/1"}],"replies":[{"embeddable":true,"href":"https:\/\/chariotselevateursmanupro.com\/en\/wp-json\/wp\/v2\/comments?post=3399"}],"version-history":[{"count":1,"href":"https:\/\/chariotselevateursmanupro.com\/en\/wp-json\/wp\/v2\/pages\/3399\/revisions"}],"predecessor-version":[{"id":3400,"href":"https:\/\/chariotselevateursmanupro.com\/en\/wp-json\/wp\/v2\/pages\/3399\/revisions\/3400"}],"wp:attachment":[{"href":"https:\/\/chariotselevateursmanupro.com\/en\/wp-json\/wp\/v2\/media?parent=3399"}],"curies":[{"name":"wp","href":"https:\/\/api.w.org\/{rel}","templated":true}]}}